{"id":33297,"date":"2022-08-03T12:04:52","date_gmt":"2022-08-03T12:04:52","guid":{"rendered":"https:\/\/www.novacura.com\/cookie-policy\/"},"modified":"2025-02-11T09:24:57","modified_gmt":"2025-02-11T09:24:57","slug":"cookie-policy","status":"publish","type":"page","link":"https:\/\/www.novacura.com\/sv\/cookie-policy\/","title":{"rendered":"Cookie Policy"},"content":{"rendered":"\t\t<div data-elementor-type=\"wp-page\" data-elementor-id=\"33297\" class=\"elementor elementor-33297 elementor-16538\">\n\t\t\t\t\t\t<section class=\"elementor-section elementor-top-section elementor-element elementor-element-95fa59f elementor-section-boxed elementor-section-height-default elementor-section-height-default\" data-id=\"95fa59f\" data-element_type=\"section\">\n\t\t\t\t\t\t<div class=\"elementor-container elementor-column-gap-default\">\n\t\t\t\t\t<div class=\"elementor-column elementor-col-100 elementor-top-column elementor-element elementor-element-9b9de0f\" data-id=\"9b9de0f\" data-element_type=\"column\">\n\t\t\t<div class=\"elementor-widget-wrap elementor-element-populated\">\n\t\t\t\t\t\t<div class=\"elementor-element elementor-element-a2248f0 elementor-widget elementor-widget-header-image\" data-id=\"a2248f0\" data-element_type=\"widget\" data-widget_type=\"header-image.default\">\n\t\t\t\t<div class=\"elementor-widget-container\">\n\t\t\t\t\t    <section class=\"section breadcrumbs-section custom-breadcrumbs-section type-light inside-widget\">\n        <div class=\"container\">\n            <div class=\"container-in grid-el-12 no-padd-l-r no-max-width\">\n                <div class=\"breadcrumbs-container widget-type-two-widths-content\">\n                    <ul>\n                        <li>\n                            <a href=\"https:\/\/www.novacura.com\/sv\/\"><span>Home<\/span><\/a><span class=\"after\">|<\/span>\n                        <\/li>\n                        <li>\n                            <span>Cookie Policy<\/span>\n                        <\/li>\n                    <\/ul>\n                <\/div>\n            <\/div>\n        <\/div>\n    <\/section>\n        <script>\n        if (document.querySelectorAll('.custom-breadcrumbs-section').length > 1) {\n            document.querySelectorAll('.custom-breadcrumbs-section:not(.inside-widget)').forEach(function (element) {\n                element.classList.add('hide');\n            });\n        }\n    <\/script>\n    <section class=\"section hero-section top-header-section type-lower\">\n    <div class=\"hero-container\">\n        <div class=\"hero-container-in\">\n            <div class=\"parallax-window\">\n\t\t\t\t                            <div class=\"parallax-window-in type-image\">\n\t\t\t\t\t\t\t\t..\n                            <\/div>\n\t\t\t\t\t\t\t            <\/div>\n        <\/div>\n        <div class=\"hero-overlay\">\n            <img fetchpriority=\"high\" decoding=\"async\" src=\"https:\/\/www.novacura.com\/wp-content\/themes\/Novacura-theme\/images\/hero-overlay.svg\" alt=\"\" width=\"1366\" height=\"630\">\n        <\/div>\n    <\/div>\n    <div class=\"hero-content\">\n        <div class=\"container\">\n            <div class=\"container-in\">\n                <div class=\"grid-el-12\">\n                    <div class=\"hero-content-in\">\n                        <div class=\"hero-content-text-container\">\n                            <div class=\"small-title-3\">\n                                <span >Subtitle<\/span>\n                            <\/div>\n                            <h1 class=\"h1-text post-title\">Novacura Cookiepolicy<\/h1>\n                        <\/div>\n                        <div class=\"button-container\">\n                            <a href=\"#hero-section-dest\" class=\"button type-scroll\"><img decoding=\"async\" src=\"https:\/\/www.novacura.com\/wp-content\/themes\/Novacura-theme\/images\/scroll-button.svg\" alt=\"\"><\/a>\n                        <\/div>\n                    <\/div>\n                <\/div>\n            <\/div>\n        <\/div>\n    <\/div>\n    <span class=\"dest-scroll\" id=\"hero-section-dest\"><\/span>\n<\/section>\n\t\t\t\t<\/div>\n\t\t\t\t<\/div>\n\t\t\t\t\t<\/div>\n\t\t<\/div>\n\t\t\t\t\t<\/div>\n\t\t<\/section>\n\t\t\t\t<section class=\"elementor-section elementor-top-section elementor-element elementor-element-cb9fb17 elementor-section-boxed elementor-section-height-default elementor-section-height-default\" data-id=\"cb9fb17\" data-element_type=\"section\">\n\t\t\t\t\t\t<div class=\"elementor-container elementor-column-gap-default\">\n\t\t\t\t\t<div class=\"elementor-column elementor-col-100 elementor-top-column elementor-element elementor-element-cb039dd\" data-id=\"cb039dd\" data-element_type=\"column\">\n\t\t\t<div class=\"elementor-widget-wrap elementor-element-populated\">\n\t\t\t\t\t\t<div class=\"elementor-element elementor-element-901bb12 elementor-widget elementor-widget-text\" data-id=\"901bb12\" data-element_type=\"widget\" data-widget_type=\"text.default\">\n\t\t\t\t<div class=\"elementor-widget-container\">\n\t\t\t\t\t<section class=\"section text-section text-with-media-section post-section widget-type-two-widths pt-none pb-none background-type-transparent\">\n    <div class=\"container\">\n        <div class=\"grid-el-12\">\n            <div class=\"text-container\">\n                <div class=\"text-container-in\">\n                    <div ><p><main id=\"main\" class=\"clearfix \"><\/p>\n<div class=\"fusion-row\">\n<section id=\"content\">\n<div id=\"post-6870\" class=\"post-6870 page type-page status-publish hentry\">\n<div class=\"post-content\">\n<p>Cookies: Our websites may use a&nbsp;technology called a&nbsp;\u201ccookie\u201d. A&nbsp;cookie is a&nbsp;piece of information that our webserver sends to your computer (actually to your browser file) when you access a&nbsp;website. Then when you come back our site will detect whether you have one of our cookies on your computer. Our cookies help provide additional functionality to the site and help us analyze site usage more accurately. For instance, our site may set a&nbsp;cookie on your browser that keeps you from needing to enter your contact details more than once. We allow carefully selected third parties to place cookies via our website. These cookies track your use of our website by collecting anonymous statistics. We do not have access to or control over these cookies or other means of passive data collection. If you are based in the European Union you can learn more about how third parties use these types of cookies by visiting www.youronlinechoices.eu. If you are based in the United States, please visit www.aboutads.info. You do not have to accept all cookies used by our website; however, depending on the particular cookie you reject, you may not be able to use some of the features of the website. Depending on the type of browser you are using, your browser\u2019s default settings may allow all cookies to be set. Your browser may also be configured to alert you to any cookies it comes across and\/or it may allow all cookies to be set. To change your web browser settings for cookies, follow the instructions in the help section of your web browser (or please visit www.allaboutcookies.org).<\/p>\n<h3 data-fontsize=\"40\" data-lineheight=\"52px\">\u00a0<\/h3>\n<h3 class=\"fusion-responsive-typography-calculated\" data-fontsize=\"40\" data-lineheight=\"52px\"><b>Cookies we may store in your browser that requires your consent<\/b><\/h3>\n<p><strong>__hstc<\/strong><br \/>The main cookie for tracking visitors. It contains the domain, utk (see below), initial timestamp (first visit), last timestamp (last visit), current timestamp (this visit), and session number (increments for each subsequent session). (Expires: 2 years)<\/p>\n<p><strong>hubspotutk<\/strong><br \/>This cookie is used to keep track of a&nbsp;visitor\u2019s identity, if the vistor opts to identify him- or herself. This cookie is passed only on form submissions. (Expires: 10 years)<\/p>\n<p><strong>__hssc<\/strong><br \/>This cookie keeps track of sessions. It contains the domain, viewCount (increments each pageView in a&nbsp;session), and session start timestamp. (Expires: 30 min)<\/p>\n<p><strong>__hssrc<\/strong><br \/>Whenever we change the session cookie above, this cookie is also set. We use it to determine if the user has restarted their browser. If this cookie does not exist when we manage cookies, we assume it is a&nbsp;new session. (Expires: None. Session cookie).<\/p>\n<p>Web Beacons: Our websites may use a&nbsp;technology known as web beacons \u2013 sometimes called single-pixel gifs \u2013 that allow this site to collect web log information. A&nbsp;web beacon is a&nbsp;graphic on a&nbsp;web page or in an e-mail message designed to track pages viewed or messages opened. Web log information is gathered when you visit one of our websites by the computer that hosts our website (called a&nbsp;\u201cwebserver\u201d). The webserver automatically recognizes some non-personal information, such as the date and time you visited our site, the pages you visited, the website you came from, the type of browser you are using (e.g., Internet Explorer), the type of operating system you are using (e.g., Windows 10), and the domain name and address of your Internet service provider. We may also include web beacons in promotional e-mail messages in order to determine whether messages have been opened.<\/p>\n<p>Encryption: Areas of our websites that collect Your Information use industry standard secure socket layer encryption (SSL); however, to take advantage of this your browser must support encryption protection (found in Internet Explorer release 3.0 and above).<\/p>\n<p>Security: We use reasonable physical, electronic, and administrative safeguards to protect your personal information from loss, misuse, unauthorized access, disclosure, alteration, or destruction.<\/p>\n<p>If a&nbsp;person believes that any personal information that Novacura holds about them is inaccurate or out of date, or wish to utilize the data subject rights according to our\u00a0<a href=\"https:\/\/www.novacura.com\/privacy-policy\/\">Privacy Policy<\/a>, they should contact Novacura in writing at the following address:<\/p>\n<p>Novacura AB<br \/>Bj\u00f6rklundabacken 10<br \/>436 57 Hov\u00e5s<br \/>Sweden<\/p>\n<p>or via email to:\u00a0<a href=\"mailto:info@novacura.com\">info@novacura.com<\/a><\/p>\n<\/div>\n<\/div>\n<\/section>\n<\/div>\n<p><\/main><\/p>\n<\/div>\n                <\/div>\n            <\/div>\n        <\/div>\n    <\/div>\n<\/section>\n\t\t\t\t<\/div>\n\t\t\t\t<\/div>\n\t\t\t\t\t<\/div>\n\t\t<\/div>\n\t\t\t\t\t<\/div>\n\t\t<\/section>\n\t\t\t\t<\/div>\n\t\t","protected":false},"excerpt":{"rendered":"<p>.. Subtitle Novacura Cookiepolicy Cookies: Our websites may use a&nbsp;technology called a&nbsp;\u201ccookie\u201d. A&nbsp;cookie is a&nbsp;piece of information that our webserver sends to your computer (actually [&hellip;]<\/p>\n","protected":false},"author":10,"featured_media":0,"parent":0,"menu_order":0,"comment_status":"closed","ping_status":"closed","template":"","meta":{"_acf_changed":false,"content-type":""},"class_list":["post-33297","page","type-page","status-publish","hentry"],"acf":[],"yoast_head":"<!-- This site is optimized with the Yoast SEO plugin v26.9 - https:\/\/yoast.com\/product\/yoast-seo-wordpress\/ -->\n<title>Novacuras cookiepolicy: Hur vi anv\u00e4nder cookies<\/title>\n<meta name=\"description\" content=\"Novacuras cookiepolicy beskriver v\u00e5r anv\u00e4ndning av cookies f\u00f6r att f\u00f6rb\u00e4ttra din upplevelse. L\u00e4s mer om datainsamling och hur vi skyddar din integritet.\" \/>\n<meta name=\"robots\" content=\"index, follow, max-snippet:-1, max-image-preview:large, max-video-preview:-1\" \/>\n<link rel=\"canonical\" href=\"https:\/\/www.novacura.com\/sv\/cookie-policy\/\" \/>\n<meta property=\"og:locale\" content=\"sv_SE\" \/>\n<meta property=\"og:type\" content=\"article\" \/>\n<meta property=\"og:title\" content=\"Novacuras cookiepolicy: Hur vi anv\u00e4nder cookies\" \/>\n<meta property=\"og:description\" content=\"Novacuras cookiepolicy beskriver v\u00e5r anv\u00e4ndning av cookies f\u00f6r att f\u00f6rb\u00e4ttra din upplevelse. L\u00e4s mer om datainsamling och hur vi skyddar din integritet.\" \/>\n<meta property=\"og:url\" content=\"https:\/\/www.novacura.com\/sv\/cookie-policy\/\" \/>\n<meta property=\"og:site_name\" content=\"Novacura\" \/>\n<meta property=\"article:modified_time\" content=\"2025-02-11T09:24:57+00:00\" \/>\n<meta property=\"og:image\" content=\"https:\/\/www.novacura.com\/wp-content\/themes\/Novacura-theme\/images\/hero-overlay.svg\" \/>\n<meta name=\"twitter:card\" content=\"summary_large_image\" \/>\n<script type=\"application\/ld+json\" class=\"yoast-schema-graph\">{\"@context\":\"https:\/\/schema.org\",\"@graph\":[{\"@type\":\"WebPage\",\"@id\":\"https:\/\/www.novacura.com\/sv\/cookie-policy\/\",\"url\":\"https:\/\/www.novacura.com\/sv\/cookie-policy\/\",\"name\":\"Novacuras cookiepolicy: Hur vi anv\u00e4nder cookies\",\"isPartOf\":{\"@id\":\"https:\/\/www.novacura.com\/sv\/#website\"},\"primaryImageOfPage\":{\"@id\":\"https:\/\/www.novacura.com\/sv\/cookie-policy\/#primaryimage\"},\"image\":{\"@id\":\"https:\/\/www.novacura.com\/sv\/cookie-policy\/#primaryimage\"},\"thumbnailUrl\":\"https:\/\/www.novacura.com\/wp-content\/themes\/Novacura-theme\/images\/hero-overlay.svg\",\"datePublished\":\"2022-08-03T12:04:52+00:00\",\"dateModified\":\"2025-02-11T09:24:57+00:00\",\"description\":\"Novacuras cookiepolicy beskriver v\u00e5r anv\u00e4ndning av cookies f\u00f6r att f\u00f6rb\u00e4ttra din upplevelse. L\u00e4s mer om datainsamling och hur vi skyddar din integritet.\",\"breadcrumb\":{\"@id\":\"https:\/\/www.novacura.com\/sv\/cookie-policy\/#breadcrumb\"},\"inLanguage\":\"sv-SE\",\"potentialAction\":[{\"@type\":\"ReadAction\",\"target\":[\"https:\/\/www.novacura.com\/sv\/cookie-policy\/\"]}]},{\"@type\":\"ImageObject\",\"inLanguage\":\"sv-SE\",\"@id\":\"https:\/\/www.novacura.com\/sv\/cookie-policy\/#primaryimage\",\"url\":\"https:\/\/www.novacura.com\/wp-content\/themes\/Novacura-theme\/images\/hero-overlay.svg\",\"contentUrl\":\"https:\/\/www.novacura.com\/wp-content\/themes\/Novacura-theme\/images\/hero-overlay.svg\"},{\"@type\":\"BreadcrumbList\",\"@id\":\"https:\/\/www.novacura.com\/sv\/cookie-policy\/#breadcrumb\",\"itemListElement\":[{\"@type\":\"ListItem\",\"position\":1,\"name\":\"Home\",\"item\":\"https:\/\/www.novacura.com\/sv\/\"},{\"@type\":\"ListItem\",\"position\":2,\"name\":\"Cookie Policy\"}]},{\"@type\":\"WebSite\",\"@id\":\"https:\/\/www.novacura.com\/sv\/#website\",\"url\":\"https:\/\/www.novacura.com\/sv\/\",\"name\":\"Novacura\",\"description\":\"We\u00b4re a human-centric IT-company using services and software to simplify our customer&#039;s processes\",\"potentialAction\":[{\"@type\":\"SearchAction\",\"target\":{\"@type\":\"EntryPoint\",\"urlTemplate\":\"https:\/\/www.novacura.com\/sv\/?s={search_term_string}\"},\"query-input\":{\"@type\":\"PropertyValueSpecification\",\"valueRequired\":true,\"valueName\":\"search_term_string\"}}],\"inLanguage\":\"sv-SE\"}]}<\/script>\n<!-- \/ Yoast SEO plugin. -->","yoast_head_json":{"title":"Novacuras cookiepolicy: Hur vi anv\u00e4nder cookies","description":"Novacuras cookiepolicy beskriver v\u00e5r anv\u00e4ndning av cookies f\u00f6r att f\u00f6rb\u00e4ttra din upplevelse. L\u00e4s mer om datainsamling och hur vi skyddar din integritet.","robots":{"index":"index","follow":"follow","max-snippet":"max-snippet:-1","max-image-preview":"max-image-preview:large","max-video-preview":"max-video-preview:-1"},"canonical":"https:\/\/www.novacura.com\/sv\/cookie-policy\/","og_locale":"sv_SE","og_type":"article","og_title":"Novacuras cookiepolicy: Hur vi anv\u00e4nder cookies","og_description":"Novacuras cookiepolicy beskriver v\u00e5r anv\u00e4ndning av cookies f\u00f6r att f\u00f6rb\u00e4ttra din upplevelse. L\u00e4s mer om datainsamling och hur vi skyddar din integritet.","og_url":"https:\/\/www.novacura.com\/sv\/cookie-policy\/","og_site_name":"Novacura","article_modified_time":"2025-02-11T09:24:57+00:00","og_image":[{"url":"https:\/\/www.novacura.com\/wp-content\/themes\/Novacura-theme\/images\/hero-overlay.svg","type":"","width":"","height":""}],"twitter_card":"summary_large_image","schema":{"@context":"https:\/\/schema.org","@graph":[{"@type":"WebPage","@id":"https:\/\/www.novacura.com\/sv\/cookie-policy\/","url":"https:\/\/www.novacura.com\/sv\/cookie-policy\/","name":"Novacuras cookiepolicy: Hur vi anv\u00e4nder cookies","isPartOf":{"@id":"https:\/\/www.novacura.com\/sv\/#website"},"primaryImageOfPage":{"@id":"https:\/\/www.novacura.com\/sv\/cookie-policy\/#primaryimage"},"image":{"@id":"https:\/\/www.novacura.com\/sv\/cookie-policy\/#primaryimage"},"thumbnailUrl":"https:\/\/www.novacura.com\/wp-content\/themes\/Novacura-theme\/images\/hero-overlay.svg","datePublished":"2022-08-03T12:04:52+00:00","dateModified":"2025-02-11T09:24:57+00:00","description":"Novacuras cookiepolicy beskriver v\u00e5r anv\u00e4ndning av cookies f\u00f6r att f\u00f6rb\u00e4ttra din upplevelse. L\u00e4s mer om datainsamling och hur vi skyddar din integritet.","breadcrumb":{"@id":"https:\/\/www.novacura.com\/sv\/cookie-policy\/#breadcrumb"},"inLanguage":"sv-SE","potentialAction":[{"@type":"ReadAction","target":["https:\/\/www.novacura.com\/sv\/cookie-policy\/"]}]},{"@type":"ImageObject","inLanguage":"sv-SE","@id":"https:\/\/www.novacura.com\/sv\/cookie-policy\/#primaryimage","url":"https:\/\/www.novacura.com\/wp-content\/themes\/Novacura-theme\/images\/hero-overlay.svg","contentUrl":"https:\/\/www.novacura.com\/wp-content\/themes\/Novacura-theme\/images\/hero-overlay.svg"},{"@type":"BreadcrumbList","@id":"https:\/\/www.novacura.com\/sv\/cookie-policy\/#breadcrumb","itemListElement":[{"@type":"ListItem","position":1,"name":"Home","item":"https:\/\/www.novacura.com\/sv\/"},{"@type":"ListItem","position":2,"name":"Cookie Policy"}]},{"@type":"WebSite","@id":"https:\/\/www.novacura.com\/sv\/#website","url":"https:\/\/www.novacura.com\/sv\/","name":"Novacura","description":"We\u00b4re a human-centric IT-company using services and software to simplify our customer&#039;s processes","potentialAction":[{"@type":"SearchAction","target":{"@type":"EntryPoint","urlTemplate":"https:\/\/www.novacura.com\/sv\/?s={search_term_string}"},"query-input":{"@type":"PropertyValueSpecification","valueRequired":true,"valueName":"search_term_string"}}],"inLanguage":"sv-SE"}]}},"_links":{"self":[{"href":"https:\/\/www.novacura.com\/sv\/wp-json\/wp\/v2\/pages\/33297","targetHints":{"allow":["GET"]}}],"collection":[{"href":"https:\/\/www.novacura.com\/sv\/wp-json\/wp\/v2\/pages"}],"about":[{"href":"https:\/\/www.novacura.com\/sv\/wp-json\/wp\/v2\/types\/page"}],"author":[{"embeddable":true,"href":"https:\/\/www.novacura.com\/sv\/wp-json\/wp\/v2\/users\/10"}],"replies":[{"embeddable":true,"href":"https:\/\/www.novacura.com\/sv\/wp-json\/wp\/v2\/comments?post=33297"}],"version-history":[{"count":4,"href":"https:\/\/www.novacura.com\/sv\/wp-json\/wp\/v2\/pages\/33297\/revisions"}],"predecessor-version":[{"id":70337,"href":"https:\/\/www.novacura.com\/sv\/wp-json\/wp\/v2\/pages\/33297\/revisions\/70337"}],"wp:attachment":[{"href":"https:\/\/www.novacura.com\/sv\/wp-json\/wp\/v2\/media?parent=33297"}],"curies":[{"name":"wp","href":"https:\/\/api.w.org\/{rel}","templated":true}]}}