{"id":33248,"date":"2022-08-02T15:12:22","date_gmt":"2022-08-02T15:12:22","guid":{"rendered":"https:\/\/www.novacura.com\/become-business-partner\/"},"modified":"2024-12-12T11:38:30","modified_gmt":"2024-12-12T11:38:30","slug":"bli-en-affarspartner","status":"publish","type":"page","link":"https:\/\/www.novacura.com\/sv\/bli-en-affarspartner\/","title":{"rendered":"Bli en aff\u00e4rspartner"},"content":{"rendered":"\t\t<div data-elementor-type=\"wp-page\" data-elementor-id=\"33248\" class=\"elementor elementor-33248\">\n\t\t\t\t\t\t<section class=\"elementor-section elementor-top-section elementor-element elementor-element-2de5626 elementor-section-boxed elementor-section-height-default elementor-section-height-default\" data-id=\"2de5626\" data-element_type=\"section\" data-e-type=\"section\">\n\t\t\t\t\t\t<div class=\"elementor-container elementor-column-gap-default\">\n\t\t\t\t\t<div class=\"elementor-column elementor-col-100 elementor-top-column elementor-element elementor-element-f9547ad\" data-id=\"f9547ad\" data-element_type=\"column\" data-e-type=\"column\">\n\t\t\t<div class=\"elementor-widget-wrap elementor-element-populated\">\n\t\t\t\t\t\t<div class=\"elementor-element elementor-element-c2574c2 elementor-widget elementor-widget-header-image\" data-id=\"c2574c2\" data-element_type=\"widget\" data-e-type=\"widget\" data-widget_type=\"header-image.default\">\n\t\t\t\t<div class=\"elementor-widget-container\">\n\t\t\t\t\t    <section class=\"section breadcrumbs-section custom-breadcrumbs-section type-light inside-widget\">\n        <div class=\"container\">\n            <div class=\"container-in grid-el-12 no-padd-l-r no-max-width\">\n                <div class=\"breadcrumbs-container widget-type-two-widths-content\">\n                    <ul>\n                        <li>\n                            <a href=\"https:\/\/www.novacura.com\/sv\/\"><span>Home<\/span><\/a><span class=\"after\">|<\/span>\n                        <\/li>\n                        <li>\n                            <span>Bli en aff\u00e4rspartner<\/span>\n                        <\/li>\n                    <\/ul>\n                <\/div>\n            <\/div>\n        <\/div>\n    <\/section>\n        <script>\n        if (document.querySelectorAll('.custom-breadcrumbs-section').length > 1) {\n            document.querySelectorAll('.custom-breadcrumbs-section:not(.inside-widget)').forEach(function (element) {\n                element.classList.add('hide');\n            });\n        }\n    <\/script>\n    <section class=\"section hero-section top-header-section type-lower no-multiply \">\n    <div class=\"hero-container\">\n        <div class=\"hero-container-in\">\n            <div class=\"parallax-window\">\n\t\t\t\t                            <div class=\"parallax-window-in type-image\">\n\t\t\t\t\t\t\t\t<img fetchpriority=\"high\" decoding=\"async\" width=\"1080\" height=\"720\" src=\"https:\/\/www.novacura.com\/wp-content\/uploads\/2022\/08\/nc-website-top-banner-about-partners.png\" class=\"img\" alt=\"\" loading=\"eager\" srcset=\"https:\/\/www.novacura.com\/wp-content\/uploads\/2022\/08\/nc-website-top-banner-about-partners.png 1080w, https:\/\/www.novacura.com\/wp-content\/uploads\/2022\/08\/nc-website-top-banner-about-partners-786x524.png 786w, https:\/\/www.novacura.com\/wp-content\/uploads\/2022\/08\/nc-website-top-banner-about-partners-768x512.png 768w, https:\/\/www.novacura.com\/wp-content\/uploads\/2022\/08\/nc-website-top-banner-about-partners-62x41.png 62w, https:\/\/www.novacura.com\/wp-content\/uploads\/2022\/08\/nc-website-top-banner-about-partners-152x101.png 152w, https:\/\/www.novacura.com\/wp-content\/uploads\/2022\/08\/nc-website-top-banner-about-partners-240x160.png 240w, https:\/\/www.novacura.com\/wp-content\/uploads\/2022\/08\/nc-website-top-banner-about-partners-183x122.png 183w, https:\/\/www.novacura.com\/wp-content\/uploads\/2022\/08\/nc-website-top-banner-about-partners-184x123.png 184w, https:\/\/www.novacura.com\/wp-content\/uploads\/2022\/08\/nc-website-top-banner-about-partners-704x469.png 704w, https:\/\/www.novacura.com\/wp-content\/uploads\/2022\/08\/nc-website-top-banner-about-partners-522x348.png 522w, https:\/\/www.novacura.com\/wp-content\/uploads\/2022\/08\/nc-website-top-banner-about-partners-225x150.png 225w, https:\/\/www.novacura.com\/wp-content\/uploads\/2022\/08\/nc-website-top-banner-about-partners-1008x672.png 1008w\" sizes=\"(max-width: 1080px) 100vw, 1080px\" \/>..\n                            <\/div>\n\t\t\t\t\t\t\t            <\/div>\n        <\/div>\n        <div class=\"hero-overlay\">\n            <img decoding=\"async\" src=\"https:\/\/www.novacura.com\/wp-content\/themes\/Novacura-theme\/images\/hero-overlay.svg\" alt=\"\" width=\"1366\" height=\"630\">\n        <\/div>\n    <\/div>\n    <div class=\"hero-content\">\n        <div class=\"container\">\n            <div class=\"container-in\">\n                <div class=\"grid-el-12\">\n                    <div class=\"hero-content-in\">\n                        <div class=\"hero-content-text-container\">\n                            <div class=\"small-title-3\">\n                                <span >Novacura aff\u00e4rspartner<\/span>\n                            <\/div>\n                            <h1 class=\"h1-text post-title\">BLI EN DEL AV NOVACURA-TEAMET\n<\/h1>\n                        <\/div>\n                        <div class=\"button-container\">\n                            <a href=\"#hero-section-dest\" class=\"button type-scroll\"><img decoding=\"async\" src=\"https:\/\/www.novacura.com\/wp-content\/themes\/Novacura-theme\/images\/scroll-button.svg\" alt=\"\"><\/a>\n                        <\/div>\n                    <\/div>\n                <\/div>\n            <\/div>\n        <\/div>\n    <\/div>\n    <span class=\"dest-scroll\" id=\"hero-section-dest\"><\/span>\n<\/section>\n\t\t\t\t<\/div>\n\t\t\t\t<\/div>\n\t\t\t\t\t<\/div>\n\t\t<\/div>\n\t\t\t\t\t<\/div>\n\t\t<\/section>\n\t\t\t\t<section class=\"elementor-section elementor-top-section elementor-element elementor-element-97d5df0 elementor-section-boxed elementor-section-height-default elementor-section-height-default\" data-id=\"97d5df0\" data-element_type=\"section\" data-e-type=\"section\">\n\t\t\t\t\t\t<div class=\"elementor-container elementor-column-gap-default\">\n\t\t\t\t\t<div class=\"elementor-column elementor-col-100 elementor-top-column elementor-element elementor-element-cbda486\" data-id=\"cbda486\" data-element_type=\"column\" data-e-type=\"column\">\n\t\t\t<div class=\"elementor-widget-wrap elementor-element-populated\">\n\t\t\t\t\t\t<div class=\"elementor-element elementor-element-999e0b8 elementor-widget elementor-widget-contact-form\" data-id=\"999e0b8\" data-element_type=\"widget\" data-e-type=\"widget\" data-widget_type=\"contact-form.default\">\n\t\t\t\t<div class=\"elementor-widget-container\">\n\t\t\t\t\t    <section class=\"section section-contact-form post-section widget-type-two-widths type-1  background-type-transparent\">\n        <div class=\"section-contact-form-in\">\n            <div class=\"container\">\n                <div class=\"container-in no-padd-l-r\">\n                                                <div class=\"standard-contact-form-container contact-form-container grid-el-12\">\n                                <div class=\"contact-form-part\">\n                                                                        <div class=\"section-title-container grid-el-12\">\n                                        <div class=\"section-title-container-in\">\n                                            <h2 class=\"section-title\">Vi ser fram emot att arbeta med er!<span class=\"section-title-after\">:<\/span><\/h2>\n                                        <\/div>\n                                        <div class=\"default-text\">\n                                            <div ><p><span style=\"vertical-align: inherit;\">Tack f\u00f6r ert intresse f\u00f6r ett samarbete med oss p\u00e5 Novacura.<\/span><\/p><p>&nbsp;<\/p><p><span style=\"vertical-align: inherit;\">B\u00f6rja med att fylla i formul\u00e4ret s\u00e5 kommer en av v\u00e5ra teammedlemmar att kontakta er.<\/span><span style=\"letter-spacing: 0.16px;\"><\/span><\/p><\/div>\n                                        <\/div>\n                                    <\/div>\n                                <\/div>\n                                <div class=\"contact-form-part\">\n                                    \n\t\t\t\t\t\t<script>\n\t\t\t\t\t\t\twindow.hsFormsOnReady = window.hsFormsOnReady || [];\n\t\t\t\t\t\t\twindow.hsFormsOnReady.push(()=>{\n\t\t\t\t\t\t\t\thbspt.forms.create({\n\t\t\t\t\t\t\t\t\tportalId: 3356741,\n\t\t\t\t\t\t\t\t\tformId: \"ce616a63-b40a-41db-bf5f-bf956b1405ef\",\n\t\t\t\t\t\t\t\t\ttarget: \"#hbspt-form-1777314482000-0337303508\",\n\t\t\t\t\t\t\t\t\tregion: \"na1\",\n\t\t\t\t\t\t\t\t\t\n\t\t\t\t\t\t\t})});\n\t\t\t\t\t\t<\/script>\n\t\t\t\t\t\t<div class=\"hbspt-form\" id=\"hbspt-form-1777314482000-0337303508\"><\/div>                                <\/div>\n                            <\/div>\n                                            <\/div>\n            <\/div>\n        <\/div>\n    <\/section>\n    \t\t\t\t<\/div>\n\t\t\t\t<\/div>\n\t\t\t\t\t<\/div>\n\t\t<\/div>\n\t\t\t\t\t<\/div>\n\t\t<\/section>\n\t\t\t\t<\/div>\n\t\t","protected":false},"excerpt":{"rendered":"<p>.. Novacura aff\u00e4rspartner BLI EN DEL AV NOVACURA-TEAMET Vi ser fram emot att arbeta med er!: Tack f\u00f6r ert intresse f\u00f6r ett samarbete med oss [&hellip;]<\/p>\n","protected":false},"author":10,"featured_media":0,"parent":0,"menu_order":0,"comment_status":"closed","ping_status":"closed","template":"","meta":{"_acf_changed":false,"content-type":""},"class_list":["post-33248","page","type-page","status-publish","hentry"],"acf":[],"yoast_head":"<!-- This site is optimized with the Yoast SEO plugin v27.4 - https:\/\/yoast.com\/product\/yoast-seo-wordpress\/ -->\n<title>Bli en aff\u00e4rspartner &#8211; Novacura<\/title>\n<meta name=\"description\" content=\"Bli en Novacura-partner. G\u00e5 med i gruppen av exceptionella f\u00f6retag som st\u00f6der ekonomisk utveckling i Sverige och globalt med hundratals kunder\" \/>\n<meta name=\"robots\" content=\"index, follow, max-snippet:-1, max-image-preview:large, max-video-preview:-1\" \/>\n<link rel=\"canonical\" href=\"https:\/\/www.novacura.com\/sv\/bli-en-affarspartner\/\" \/>\n<meta property=\"og:locale\" content=\"sv_SE\" \/>\n<meta property=\"og:type\" content=\"article\" \/>\n<meta property=\"og:title\" content=\"Bli en aff\u00e4rspartner &#8211; Novacura\" \/>\n<meta property=\"og:description\" content=\"Bli en Novacura-partner. G\u00e5 med i gruppen av exceptionella f\u00f6retag som st\u00f6der ekonomisk utveckling i Sverige och globalt med hundratals kunder\" \/>\n<meta property=\"og:url\" content=\"https:\/\/www.novacura.com\/sv\/bli-en-affarspartner\/\" \/>\n<meta property=\"og:site_name\" content=\"Novacura\" \/>\n<meta property=\"article:modified_time\" content=\"2024-12-12T11:38:30+00:00\" \/>\n<meta property=\"og:image\" content=\"https:\/\/www.novacura.com\/wp-content\/uploads\/2022\/08\/nc-website-top-banner-about-partners.png\" \/>\n<meta name=\"twitter:card\" content=\"summary_large_image\" \/>\n<script type=\"application\/ld+json\" class=\"yoast-schema-graph\">{\"@context\":\"https:\\\/\\\/schema.org\",\"@graph\":[{\"@type\":\"WebPage\",\"@id\":\"https:\\\/\\\/www.novacura.com\\\/sv\\\/bli-en-affarspartner\\\/\",\"url\":\"https:\\\/\\\/www.novacura.com\\\/sv\\\/bli-en-affarspartner\\\/\",\"name\":\"Bli en aff\u00e4rspartner &#8211; Novacura\",\"isPartOf\":{\"@id\":\"https:\\\/\\\/www.novacura.com\\\/sv\\\/#website\"},\"primaryImageOfPage\":{\"@id\":\"https:\\\/\\\/www.novacura.com\\\/sv\\\/bli-en-affarspartner\\\/#primaryimage\"},\"image\":{\"@id\":\"https:\\\/\\\/www.novacura.com\\\/sv\\\/bli-en-affarspartner\\\/#primaryimage\"},\"thumbnailUrl\":\"https:\\\/\\\/www.novacura.com\\\/wp-content\\\/uploads\\\/2022\\\/08\\\/nc-website-top-banner-about-partners.png\",\"datePublished\":\"2022-08-02T15:12:22+00:00\",\"dateModified\":\"2024-12-12T11:38:30+00:00\",\"description\":\"Bli en Novacura-partner. G\u00e5 med i gruppen av exceptionella f\u00f6retag som st\u00f6der ekonomisk utveckling i Sverige och globalt med hundratals kunder\",\"breadcrumb\":{\"@id\":\"https:\\\/\\\/www.novacura.com\\\/sv\\\/bli-en-affarspartner\\\/#breadcrumb\"},\"inLanguage\":\"sv-SE\",\"potentialAction\":[{\"@type\":\"ReadAction\",\"target\":[\"https:\\\/\\\/www.novacura.com\\\/sv\\\/bli-en-affarspartner\\\/\"]}]},{\"@type\":\"ImageObject\",\"inLanguage\":\"sv-SE\",\"@id\":\"https:\\\/\\\/www.novacura.com\\\/sv\\\/bli-en-affarspartner\\\/#primaryimage\",\"url\":\"https:\\\/\\\/www.novacura.com\\\/wp-content\\\/uploads\\\/2022\\\/08\\\/nc-website-top-banner-about-partners.png\",\"contentUrl\":\"https:\\\/\\\/www.novacura.com\\\/wp-content\\\/uploads\\\/2022\\\/08\\\/nc-website-top-banner-about-partners.png\"},{\"@type\":\"BreadcrumbList\",\"@id\":\"https:\\\/\\\/www.novacura.com\\\/sv\\\/bli-en-affarspartner\\\/#breadcrumb\",\"itemListElement\":[{\"@type\":\"ListItem\",\"position\":1,\"name\":\"Home\",\"item\":\"https:\\\/\\\/www.novacura.com\\\/sv\\\/\"},{\"@type\":\"ListItem\",\"position\":2,\"name\":\"Bli en aff\u00e4rspartner\"}]},{\"@type\":\"WebSite\",\"@id\":\"https:\\\/\\\/www.novacura.com\\\/sv\\\/#website\",\"url\":\"https:\\\/\\\/www.novacura.com\\\/sv\\\/\",\"name\":\"Novacura\",\"description\":\"We\u00b4re a human-centric IT-company using services and software to simplify our customer&#039;s processes\",\"potentialAction\":[{\"@type\":\"SearchAction\",\"target\":{\"@type\":\"EntryPoint\",\"urlTemplate\":\"https:\\\/\\\/www.novacura.com\\\/sv\\\/?s={search_term_string}\"},\"query-input\":{\"@type\":\"PropertyValueSpecification\",\"valueRequired\":true,\"valueName\":\"search_term_string\"}}],\"inLanguage\":\"sv-SE\"}]}<\/script>\n<!-- \/ Yoast SEO plugin. -->","yoast_head_json":{"title":"Bli en aff\u00e4rspartner &#8211; Novacura","description":"Bli en Novacura-partner. G\u00e5 med i gruppen av exceptionella f\u00f6retag som st\u00f6der ekonomisk utveckling i Sverige och globalt med hundratals kunder","robots":{"index":"index","follow":"follow","max-snippet":"max-snippet:-1","max-image-preview":"max-image-preview:large","max-video-preview":"max-video-preview:-1"},"canonical":"https:\/\/www.novacura.com\/sv\/bli-en-affarspartner\/","og_locale":"sv_SE","og_type":"article","og_title":"Bli en aff\u00e4rspartner &#8211; Novacura","og_description":"Bli en Novacura-partner. G\u00e5 med i gruppen av exceptionella f\u00f6retag som st\u00f6der ekonomisk utveckling i Sverige och globalt med hundratals kunder","og_url":"https:\/\/www.novacura.com\/sv\/bli-en-affarspartner\/","og_site_name":"Novacura","article_modified_time":"2024-12-12T11:38:30+00:00","og_image":[{"url":"https:\/\/www.novacura.com\/wp-content\/uploads\/2022\/08\/nc-website-top-banner-about-partners.png","type":"","width":"","height":""}],"twitter_card":"summary_large_image","schema":{"@context":"https:\/\/schema.org","@graph":[{"@type":"WebPage","@id":"https:\/\/www.novacura.com\/sv\/bli-en-affarspartner\/","url":"https:\/\/www.novacura.com\/sv\/bli-en-affarspartner\/","name":"Bli en aff\u00e4rspartner &#8211; Novacura","isPartOf":{"@id":"https:\/\/www.novacura.com\/sv\/#website"},"primaryImageOfPage":{"@id":"https:\/\/www.novacura.com\/sv\/bli-en-affarspartner\/#primaryimage"},"image":{"@id":"https:\/\/www.novacura.com\/sv\/bli-en-affarspartner\/#primaryimage"},"thumbnailUrl":"https:\/\/www.novacura.com\/wp-content\/uploads\/2022\/08\/nc-website-top-banner-about-partners.png","datePublished":"2022-08-02T15:12:22+00:00","dateModified":"2024-12-12T11:38:30+00:00","description":"Bli en Novacura-partner. G\u00e5 med i gruppen av exceptionella f\u00f6retag som st\u00f6der ekonomisk utveckling i Sverige och globalt med hundratals kunder","breadcrumb":{"@id":"https:\/\/www.novacura.com\/sv\/bli-en-affarspartner\/#breadcrumb"},"inLanguage":"sv-SE","potentialAction":[{"@type":"ReadAction","target":["https:\/\/www.novacura.com\/sv\/bli-en-affarspartner\/"]}]},{"@type":"ImageObject","inLanguage":"sv-SE","@id":"https:\/\/www.novacura.com\/sv\/bli-en-affarspartner\/#primaryimage","url":"https:\/\/www.novacura.com\/wp-content\/uploads\/2022\/08\/nc-website-top-banner-about-partners.png","contentUrl":"https:\/\/www.novacura.com\/wp-content\/uploads\/2022\/08\/nc-website-top-banner-about-partners.png"},{"@type":"BreadcrumbList","@id":"https:\/\/www.novacura.com\/sv\/bli-en-affarspartner\/#breadcrumb","itemListElement":[{"@type":"ListItem","position":1,"name":"Home","item":"https:\/\/www.novacura.com\/sv\/"},{"@type":"ListItem","position":2,"name":"Bli en aff\u00e4rspartner"}]},{"@type":"WebSite","@id":"https:\/\/www.novacura.com\/sv\/#website","url":"https:\/\/www.novacura.com\/sv\/","name":"Novacura","description":"We\u00b4re a human-centric IT-company using services and software to simplify our customer&#039;s processes","potentialAction":[{"@type":"SearchAction","target":{"@type":"EntryPoint","urlTemplate":"https:\/\/www.novacura.com\/sv\/?s={search_term_string}"},"query-input":{"@type":"PropertyValueSpecification","valueRequired":true,"valueName":"search_term_string"}}],"inLanguage":"sv-SE"}]}},"_links":{"self":[{"href":"https:\/\/www.novacura.com\/sv\/wp-json\/wp\/v2\/pages\/33248","targetHints":{"allow":["GET"]}}],"collection":[{"href":"https:\/\/www.novacura.com\/sv\/wp-json\/wp\/v2\/pages"}],"about":[{"href":"https:\/\/www.novacura.com\/sv\/wp-json\/wp\/v2\/types\/page"}],"author":[{"embeddable":true,"href":"https:\/\/www.novacura.com\/sv\/wp-json\/wp\/v2\/users\/10"}],"replies":[{"embeddable":true,"href":"https:\/\/www.novacura.com\/sv\/wp-json\/wp\/v2\/comments?post=33248"}],"version-history":[{"count":0,"href":"https:\/\/www.novacura.com\/sv\/wp-json\/wp\/v2\/pages\/33248\/revisions"}],"wp:attachment":[{"href":"https:\/\/www.novacura.com\/sv\/wp-json\/wp\/v2\/media?parent=33248"}],"curies":[{"name":"wp","href":"https:\/\/api.w.org\/{rel}","templated":true}]}}