{"id":55175,"date":"2023-11-22T10:40:29","date_gmt":"2023-11-22T10:40:29","guid":{"rendered":"https:\/\/www.novacura.com\/?page_id=55175"},"modified":"2025-01-10T10:59:03","modified_gmt":"2025-01-10T10:59:03","slug":"impressum","status":"publish","type":"page","link":"https:\/\/www.novacura.com\/de\/impressum\/","title":{"rendered":"Impressum"},"content":{"rendered":"\t\t<div data-elementor-type=\"wp-page\" data-elementor-id=\"55175\" class=\"elementor elementor-55175\">\n\t\t\t\t\t\t<section class=\"elementor-section elementor-top-section elementor-element elementor-element-638b662 elementor-section-boxed elementor-section-height-default elementor-section-height-default\" data-id=\"638b662\" data-element_type=\"section\" data-e-type=\"section\">\n\t\t\t\t\t\t<div class=\"elementor-container elementor-column-gap-default\">\n\t\t\t\t\t<div class=\"elementor-column elementor-col-100 elementor-top-column elementor-element elementor-element-e86a662\" data-id=\"e86a662\" data-element_type=\"column\" data-e-type=\"column\">\n\t\t\t<div class=\"elementor-widget-wrap elementor-element-populated\">\n\t\t\t\t\t\t<div class=\"elementor-element elementor-element-5548c4b elementor-widget elementor-widget-header-image\" data-id=\"5548c4b\" data-element_type=\"widget\" data-e-type=\"widget\" data-widget_type=\"header-image.default\">\n\t\t\t\t<div class=\"elementor-widget-container\">\n\t\t\t\t\t    <section class=\"section breadcrumbs-section custom-breadcrumbs-section type-light inside-widget\">\n        <div class=\"container\">\n            <div class=\"container-in grid-el-12 no-padd-l-r no-max-width\">\n                <div class=\"breadcrumbs-container widget-type-two-widths-content\">\n                    <ul>\n                        <li>\n                            <a href=\"https:\/\/www.novacura.com\/de\/\"><span>Home<\/span><\/a><span class=\"after\">|<\/span>\n                        <\/li>\n                        <li>\n                            <span>Impressum<\/span>\n                        <\/li>\n                    <\/ul>\n                <\/div>\n            <\/div>\n        <\/div>\n    <\/section>\n        <script>\n        if (document.querySelectorAll('.custom-breadcrumbs-section').length > 1) {\n            document.querySelectorAll('.custom-breadcrumbs-section:not(.inside-widget)').forEach(function (element) {\n                element.classList.add('hide');\n            });\n        }\n    <\/script>\n    <section class=\"section hero-section top-header-section type-higher no-multiply  type-color \">\n    <div class=\"hero-container\">\n        <div class=\"hero-container-in\">\n            <div class=\"parallax-window\">\n\t\t\t\t                        <div class=\"parallax-window-in type-color\"><\/div>\n\t\t\t\t\t\t            <\/div>\n        <\/div>\n        <div class=\"hero-overlay\">\n            <img fetchpriority=\"high\" decoding=\"async\" src=\"https:\/\/www.novacura.com\/wp-content\/themes\/Novacura-theme\/images\/hero-overlay.svg\" alt=\"\" width=\"1366\" height=\"630\">\n        <\/div>\n    <\/div>\n    <div class=\"hero-content\">\n        <div class=\"container\">\n            <div class=\"container-in\">\n                <div class=\"grid-el-12\">\n                    <div class=\"hero-content-in\">\n                        <div class=\"hero-content-text-container\">\n                            <div class=\"small-title-3\">\n                                <span >Novacura<\/span>\n                            <\/div>\n                            <h1 class=\"h1-text post-title\">Impressum<\/h1>\n                        <\/div>\n                        <div class=\"button-container\">\n                            <a href=\"#hero-section-dest\" class=\"button type-scroll\"><img decoding=\"async\" src=\"https:\/\/www.novacura.com\/wp-content\/themes\/Novacura-theme\/images\/scroll-button.svg\" alt=\"\"><\/a>\n                        <\/div>\n                    <\/div>\n                <\/div>\n            <\/div>\n        <\/div>\n    <\/div>\n    <span class=\"dest-scroll\" id=\"hero-section-dest\"><\/span>\n<\/section>\n\t\t\t\t<\/div>\n\t\t\t\t<\/div>\n\t\t\t\t\t<\/div>\n\t\t<\/div>\n\t\t\t\t\t<\/div>\n\t\t<\/section>\n\t\t\t\t<section class=\"elementor-section elementor-top-section elementor-element elementor-element-8a88e2c elementor-section-boxed elementor-section-height-default elementor-section-height-default\" data-id=\"8a88e2c\" data-element_type=\"section\" data-e-type=\"section\">\n\t\t\t\t\t\t<div class=\"elementor-container elementor-column-gap-default\">\n\t\t\t\t\t<div class=\"elementor-column elementor-col-100 elementor-top-column elementor-element elementor-element-9c6acb9\" data-id=\"9c6acb9\" data-element_type=\"column\" data-e-type=\"column\">\n\t\t\t<div class=\"elementor-widget-wrap elementor-element-populated\">\n\t\t\t\t\t\t<div class=\"elementor-element elementor-element-06408d0 elementor-widget elementor-widget-text\" data-id=\"06408d0\" data-element_type=\"widget\" data-e-type=\"widget\" data-widget_type=\"text.default\">\n\t\t\t\t<div class=\"elementor-widget-container\">\n\t\t\t\t\t<section class=\"section text-section text-with-media-section post-section widget-type-two-widths pt-none pb-none background-type-transparent\">\n    <div class=\"container\">\n        <div class=\"grid-el-12\">\n            <div class=\"text-container\">\n                <div class=\"text-container-in\">\n                    <div ><p><strong>Novacura GmbH<\/strong><br \/>F\u00fcrther Stra\u00dfe 38<br \/>90429 N\u00fcrnberg<\/p>\n<p><strong>Kontaktdaten:<\/strong><br \/>+49 (0) 151 \/ 1799 6204<\/p>\n<p><strong>E-Mail:<\/strong> info@novacura.com<br \/><strong>Internet:<\/strong> www.novacura.com\/de<\/p>\n<p><strong>Gesch\u00e4ftsf\u00fchrer:<\/strong><br \/>Karl Johan Fredrik, Melander<\/p>\n<p>Gesellschaft mit beschr\u00e4nkter Haftung<br \/>Sitz: N\u00fcrnberg, Deutschland<br \/>Registergericht Charlottenburg HRB 195478 B<br \/>USt-ID: DE318069939<\/p>\n<p>\u00a9 Novacura 2023<\/p>\n<\/div>\n                <\/div>\n            <\/div>\n        <\/div>\n    <\/div>\n<\/section>\n\t\t\t\t<\/div>\n\t\t\t\t<\/div>\n\t\t\t\t\t<\/div>\n\t\t<\/div>\n\t\t\t\t\t<\/div>\n\t\t<\/section>\n\t\t\t\t<\/div>\n\t\t","protected":false},"excerpt":{"rendered":"<p>Novacura Impressum Novacura GmbHF\u00fcrther Stra\u00dfe 3890429 N\u00fcrnberg Kontaktdaten:+49 (0) 151 \/ 1799 6204 E-Mail: info@novacura.comInternet: www.novacura.com\/de Gesch\u00e4ftsf\u00fchrer:Karl Johan Fredrik, Melander Gesellschaft mit beschr\u00e4nkter HaftungSitz: N\u00fcrnberg, [&hellip;]<\/p>\n","protected":false},"author":10,"featured_media":0,"parent":0,"menu_order":0,"comment_status":"closed","ping_status":"closed","template":"","meta":{"_acf_changed":false,"content-type":""},"class_list":["post-55175","page","type-page","status-publish","hentry"],"acf":[],"yoast_head":"<!-- This site is optimized with the Yoast SEO plugin v27.4 - https:\/\/yoast.com\/product\/yoast-seo-wordpress\/ -->\n<title>Novacura Kontaktseite: Standorte &amp; Informationen<\/title>\n<meta name=\"description\" content=\"Verbinden Sie sich mit Novacura f\u00fcr pers\u00f6nliche Unterst\u00fctzung bei IFS Cloud-L\u00f6sungen und der Low-Code-Plattform. Kontaktinformationen: Adressen, E-Mail-Adressen, Telefonnummern und mehr\" \/>\n<meta name=\"robots\" content=\"index, follow, max-snippet:-1, max-image-preview:large, max-video-preview:-1\" \/>\n<link rel=\"canonical\" href=\"https:\/\/www.novacura.com\/de\/impressum\/\" \/>\n<meta property=\"og:locale\" content=\"de_DE\" \/>\n<meta property=\"og:type\" content=\"article\" \/>\n<meta property=\"og:title\" content=\"Novacura Kontaktseite: Standorte &amp; Informationen\" \/>\n<meta property=\"og:description\" content=\"Verbinden Sie sich mit Novacura f\u00fcr pers\u00f6nliche Unterst\u00fctzung bei IFS Cloud-L\u00f6sungen und der Low-Code-Plattform. Kontaktinformationen: Adressen, E-Mail-Adressen, Telefonnummern und mehr\" \/>\n<meta property=\"og:url\" content=\"https:\/\/www.novacura.com\/de\/impressum\/\" \/>\n<meta property=\"og:site_name\" content=\"Novacura\" \/>\n<meta property=\"article:modified_time\" content=\"2025-01-10T10:59:03+00:00\" \/>\n<meta property=\"og:image\" content=\"https:\/\/www.novacura.com\/wp-content\/themes\/Novacura-theme\/images\/hero-overlay.svg\" \/>\n<meta name=\"twitter:card\" content=\"summary_large_image\" \/>\n<script type=\"application\/ld+json\" class=\"yoast-schema-graph\">{\"@context\":\"https:\\\/\\\/schema.org\",\"@graph\":[{\"@type\":\"WebPage\",\"@id\":\"https:\\\/\\\/www.novacura.com\\\/de\\\/impressum\\\/\",\"url\":\"https:\\\/\\\/www.novacura.com\\\/de\\\/impressum\\\/\",\"name\":\"Novacura Kontaktseite: Standorte & Informationen\",\"isPartOf\":{\"@id\":\"https:\\\/\\\/www.novacura.com\\\/de\\\/#website\"},\"primaryImageOfPage\":{\"@id\":\"https:\\\/\\\/www.novacura.com\\\/de\\\/impressum\\\/#primaryimage\"},\"image\":{\"@id\":\"https:\\\/\\\/www.novacura.com\\\/de\\\/impressum\\\/#primaryimage\"},\"thumbnailUrl\":\"https:\\\/\\\/www.novacura.com\\\/wp-content\\\/themes\\\/Novacura-theme\\\/images\\\/hero-overlay.svg\",\"datePublished\":\"2023-11-22T10:40:29+00:00\",\"dateModified\":\"2025-01-10T10:59:03+00:00\",\"description\":\"Verbinden Sie sich mit Novacura f\u00fcr pers\u00f6nliche Unterst\u00fctzung bei IFS Cloud-L\u00f6sungen und der Low-Code-Plattform. Kontaktinformationen: Adressen, E-Mail-Adressen, Telefonnummern und mehr\",\"breadcrumb\":{\"@id\":\"https:\\\/\\\/www.novacura.com\\\/de\\\/impressum\\\/#breadcrumb\"},\"inLanguage\":\"de\",\"potentialAction\":[{\"@type\":\"ReadAction\",\"target\":[\"https:\\\/\\\/www.novacura.com\\\/de\\\/impressum\\\/\"]}]},{\"@type\":\"ImageObject\",\"inLanguage\":\"de\",\"@id\":\"https:\\\/\\\/www.novacura.com\\\/de\\\/impressum\\\/#primaryimage\",\"url\":\"https:\\\/\\\/www.novacura.com\\\/wp-content\\\/themes\\\/Novacura-theme\\\/images\\\/hero-overlay.svg\",\"contentUrl\":\"https:\\\/\\\/www.novacura.com\\\/wp-content\\\/themes\\\/Novacura-theme\\\/images\\\/hero-overlay.svg\"},{\"@type\":\"BreadcrumbList\",\"@id\":\"https:\\\/\\\/www.novacura.com\\\/de\\\/impressum\\\/#breadcrumb\",\"itemListElement\":[{\"@type\":\"ListItem\",\"position\":1,\"name\":\"Home\",\"item\":\"https:\\\/\\\/www.novacura.com\\\/de\\\/\"},{\"@type\":\"ListItem\",\"position\":2,\"name\":\"Impressum\"}]},{\"@type\":\"WebSite\",\"@id\":\"https:\\\/\\\/www.novacura.com\\\/de\\\/#website\",\"url\":\"https:\\\/\\\/www.novacura.com\\\/de\\\/\",\"name\":\"Novacura\",\"description\":\"We\u00b4re a human-centric IT-company using services and software to simplify our customer&#039;s processes\",\"potentialAction\":[{\"@type\":\"SearchAction\",\"target\":{\"@type\":\"EntryPoint\",\"urlTemplate\":\"https:\\\/\\\/www.novacura.com\\\/de\\\/?s={search_term_string}\"},\"query-input\":{\"@type\":\"PropertyValueSpecification\",\"valueRequired\":true,\"valueName\":\"search_term_string\"}}],\"inLanguage\":\"de\"}]}<\/script>\n<!-- \/ Yoast SEO plugin. -->","yoast_head_json":{"title":"Novacura Kontaktseite: Standorte & Informationen","description":"Verbinden Sie sich mit Novacura f\u00fcr pers\u00f6nliche Unterst\u00fctzung bei IFS Cloud-L\u00f6sungen und der Low-Code-Plattform. Kontaktinformationen: Adressen, E-Mail-Adressen, Telefonnummern und mehr","robots":{"index":"index","follow":"follow","max-snippet":"max-snippet:-1","max-image-preview":"max-image-preview:large","max-video-preview":"max-video-preview:-1"},"canonical":"https:\/\/www.novacura.com\/de\/impressum\/","og_locale":"de_DE","og_type":"article","og_title":"Novacura Kontaktseite: Standorte & Informationen","og_description":"Verbinden Sie sich mit Novacura f\u00fcr pers\u00f6nliche Unterst\u00fctzung bei IFS Cloud-L\u00f6sungen und der Low-Code-Plattform. Kontaktinformationen: Adressen, E-Mail-Adressen, Telefonnummern und mehr","og_url":"https:\/\/www.novacura.com\/de\/impressum\/","og_site_name":"Novacura","article_modified_time":"2025-01-10T10:59:03+00:00","og_image":[{"url":"https:\/\/www.novacura.com\/wp-content\/themes\/Novacura-theme\/images\/hero-overlay.svg","type":"","width":"","height":""}],"twitter_card":"summary_large_image","schema":{"@context":"https:\/\/schema.org","@graph":[{"@type":"WebPage","@id":"https:\/\/www.novacura.com\/de\/impressum\/","url":"https:\/\/www.novacura.com\/de\/impressum\/","name":"Novacura Kontaktseite: Standorte & Informationen","isPartOf":{"@id":"https:\/\/www.novacura.com\/de\/#website"},"primaryImageOfPage":{"@id":"https:\/\/www.novacura.com\/de\/impressum\/#primaryimage"},"image":{"@id":"https:\/\/www.novacura.com\/de\/impressum\/#primaryimage"},"thumbnailUrl":"https:\/\/www.novacura.com\/wp-content\/themes\/Novacura-theme\/images\/hero-overlay.svg","datePublished":"2023-11-22T10:40:29+00:00","dateModified":"2025-01-10T10:59:03+00:00","description":"Verbinden Sie sich mit Novacura f\u00fcr pers\u00f6nliche Unterst\u00fctzung bei IFS Cloud-L\u00f6sungen und der Low-Code-Plattform. Kontaktinformationen: Adressen, E-Mail-Adressen, Telefonnummern und mehr","breadcrumb":{"@id":"https:\/\/www.novacura.com\/de\/impressum\/#breadcrumb"},"inLanguage":"de","potentialAction":[{"@type":"ReadAction","target":["https:\/\/www.novacura.com\/de\/impressum\/"]}]},{"@type":"ImageObject","inLanguage":"de","@id":"https:\/\/www.novacura.com\/de\/impressum\/#primaryimage","url":"https:\/\/www.novacura.com\/wp-content\/themes\/Novacura-theme\/images\/hero-overlay.svg","contentUrl":"https:\/\/www.novacura.com\/wp-content\/themes\/Novacura-theme\/images\/hero-overlay.svg"},{"@type":"BreadcrumbList","@id":"https:\/\/www.novacura.com\/de\/impressum\/#breadcrumb","itemListElement":[{"@type":"ListItem","position":1,"name":"Home","item":"https:\/\/www.novacura.com\/de\/"},{"@type":"ListItem","position":2,"name":"Impressum"}]},{"@type":"WebSite","@id":"https:\/\/www.novacura.com\/de\/#website","url":"https:\/\/www.novacura.com\/de\/","name":"Novacura","description":"We\u00b4re a human-centric IT-company using services and software to simplify our customer&#039;s processes","potentialAction":[{"@type":"SearchAction","target":{"@type":"EntryPoint","urlTemplate":"https:\/\/www.novacura.com\/de\/?s={search_term_string}"},"query-input":{"@type":"PropertyValueSpecification","valueRequired":true,"valueName":"search_term_string"}}],"inLanguage":"de"}]}},"_links":{"self":[{"href":"https:\/\/www.novacura.com\/de\/wp-json\/wp\/v2\/pages\/55175","targetHints":{"allow":["GET"]}}],"collection":[{"href":"https:\/\/www.novacura.com\/de\/wp-json\/wp\/v2\/pages"}],"about":[{"href":"https:\/\/www.novacura.com\/de\/wp-json\/wp\/v2\/types\/page"}],"author":[{"embeddable":true,"href":"https:\/\/www.novacura.com\/de\/wp-json\/wp\/v2\/users\/10"}],"replies":[{"embeddable":true,"href":"https:\/\/www.novacura.com\/de\/wp-json\/wp\/v2\/comments?post=55175"}],"version-history":[{"count":0,"href":"https:\/\/www.novacura.com\/de\/wp-json\/wp\/v2\/pages\/55175\/revisions"}],"wp:attachment":[{"href":"https:\/\/www.novacura.com\/de\/wp-json\/wp\/v2\/media?parent=55175"}],"curies":[{"name":"wp","href":"https:\/\/api.w.org\/{rel}","templated":true}]}}