{"id":34829,"date":"2022-08-02T15:12:22","date_gmt":"2022-08-02T15:12:22","guid":{"rendered":"https:\/\/www.novacura.com\/become-business-partner\/"},"modified":"2024-12-12T11:38:10","modified_gmt":"2024-12-12T11:38:10","slug":"werden-sie-geschaeftspartner","status":"publish","type":"page","link":"https:\/\/www.novacura.com\/de\/werden-sie-geschaeftspartner\/","title":{"rendered":"Werden Sie Gesch\u00e4ftspartner"},"content":{"rendered":"\t\t<div data-elementor-type=\"wp-page\" data-elementor-id=\"34829\" class=\"elementor elementor-34829\">\n\t\t\t\t\t\t<section class=\"elementor-section elementor-top-section elementor-element elementor-element-2de5626 elementor-section-boxed elementor-section-height-default elementor-section-height-default\" data-id=\"2de5626\" data-element_type=\"section\">\n\t\t\t\t\t\t<div class=\"elementor-container elementor-column-gap-default\">\n\t\t\t\t\t<div class=\"elementor-column elementor-col-100 elementor-top-column elementor-element elementor-element-f9547ad\" data-id=\"f9547ad\" data-element_type=\"column\">\n\t\t\t<div class=\"elementor-widget-wrap elementor-element-populated\">\n\t\t\t\t\t\t<div class=\"elementor-element elementor-element-c2574c2 elementor-widget elementor-widget-header-image\" data-id=\"c2574c2\" data-element_type=\"widget\" data-widget_type=\"header-image.default\">\n\t\t\t\t<div class=\"elementor-widget-container\">\n\t\t\t\t\t    <section class=\"section breadcrumbs-section custom-breadcrumbs-section type-light inside-widget\">\n        <div class=\"container\">\n            <div class=\"container-in grid-el-12 no-padd-l-r no-max-width\">\n                <div class=\"breadcrumbs-container widget-type-two-widths-content\">\n                    <ul>\n                        <li>\n                            <a href=\"https:\/\/www.novacura.com\/de\/\"><span>Home<\/span><\/a><span class=\"after\">|<\/span>\n                        <\/li>\n                        <li>\n                            <span>Werden Sie Gesch\u00e4ftspartner<\/span>\n                        <\/li>\n                    <\/ul>\n                <\/div>\n            <\/div>\n        <\/div>\n    <\/section>\n        <script>\n        if (document.querySelectorAll('.custom-breadcrumbs-section').length > 1) {\n            document.querySelectorAll('.custom-breadcrumbs-section:not(.inside-widget)').forEach(function (element) {\n                element.classList.add('hide');\n            });\n        }\n    <\/script>\n    <section class=\"section hero-section top-header-section type-lower no-multiply \">\n    <div class=\"hero-container\">\n        <div class=\"hero-container-in\">\n            <div class=\"parallax-window\">\n\t\t\t\t                            <div class=\"parallax-window-in type-image\">\n\t\t\t\t\t\t\t\t<img fetchpriority=\"high\" decoding=\"async\" width=\"1080\" height=\"720\" src=\"https:\/\/www.novacura.com\/wp-content\/uploads\/2022\/08\/nc-website-top-banner-about-partners.png\" class=\"img\" alt=\"\" loading=\"eager\" srcset=\"https:\/\/www.novacura.com\/wp-content\/uploads\/2022\/08\/nc-website-top-banner-about-partners.png 1080w, https:\/\/www.novacura.com\/wp-content\/uploads\/2022\/08\/nc-website-top-banner-about-partners-786x524.png 786w, https:\/\/www.novacura.com\/wp-content\/uploads\/2022\/08\/nc-website-top-banner-about-partners-768x512.png 768w, https:\/\/www.novacura.com\/wp-content\/uploads\/2022\/08\/nc-website-top-banner-about-partners-62x41.png 62w, https:\/\/www.novacura.com\/wp-content\/uploads\/2022\/08\/nc-website-top-banner-about-partners-152x101.png 152w, https:\/\/www.novacura.com\/wp-content\/uploads\/2022\/08\/nc-website-top-banner-about-partners-240x160.png 240w, https:\/\/www.novacura.com\/wp-content\/uploads\/2022\/08\/nc-website-top-banner-about-partners-183x122.png 183w, https:\/\/www.novacura.com\/wp-content\/uploads\/2022\/08\/nc-website-top-banner-about-partners-184x123.png 184w, https:\/\/www.novacura.com\/wp-content\/uploads\/2022\/08\/nc-website-top-banner-about-partners-704x469.png 704w, https:\/\/www.novacura.com\/wp-content\/uploads\/2022\/08\/nc-website-top-banner-about-partners-522x348.png 522w, https:\/\/www.novacura.com\/wp-content\/uploads\/2022\/08\/nc-website-top-banner-about-partners-225x150.png 225w, https:\/\/www.novacura.com\/wp-content\/uploads\/2022\/08\/nc-website-top-banner-about-partners-1008x672.png 1008w\" sizes=\"(max-width: 1080px) 100vw, 1080px\" \/>..\n                            <\/div>\n\t\t\t\t\t\t\t            <\/div>\n        <\/div>\n        <div class=\"hero-overlay\">\n            <img decoding=\"async\" src=\"https:\/\/www.novacura.com\/wp-content\/themes\/Novacura-theme\/images\/hero-overlay.svg\" alt=\"\" width=\"1366\" height=\"630\">\n        <\/div>\n    <\/div>\n    <div class=\"hero-content\">\n        <div class=\"container\">\n            <div class=\"container-in\">\n                <div class=\"grid-el-12\">\n                    <div class=\"hero-content-in\">\n                        <div class=\"hero-content-text-container\">\n                            <div class=\"small-title-3\">\n                                <span >Novacura Gesch\u00e4ftspartner<\/span>\n                            <\/div>\n                            <h1 class=\"h1-text post-title\">WERDEN SIE TEIL DES NOVACURA TEAMS<\/h1>\n                        <\/div>\n                        <div class=\"button-container\">\n                            <a href=\"#hero-section-dest\" class=\"button type-scroll\"><img decoding=\"async\" src=\"https:\/\/www.novacura.com\/wp-content\/themes\/Novacura-theme\/images\/scroll-button.svg\" alt=\"\"><\/a>\n                        <\/div>\n                    <\/div>\n                <\/div>\n            <\/div>\n        <\/div>\n    <\/div>\n    <span class=\"dest-scroll\" id=\"hero-section-dest\"><\/span>\n<\/section>\n\t\t\t\t<\/div>\n\t\t\t\t<\/div>\n\t\t\t\t\t<\/div>\n\t\t<\/div>\n\t\t\t\t\t<\/div>\n\t\t<\/section>\n\t\t\t\t<section class=\"elementor-section elementor-top-section elementor-element elementor-element-97d5df0 elementor-section-boxed elementor-section-height-default elementor-section-height-default\" data-id=\"97d5df0\" data-element_type=\"section\">\n\t\t\t\t\t\t<div class=\"elementor-container elementor-column-gap-default\">\n\t\t\t\t\t<div class=\"elementor-column elementor-col-100 elementor-top-column elementor-element elementor-element-cbda486\" data-id=\"cbda486\" data-element_type=\"column\">\n\t\t\t<div class=\"elementor-widget-wrap elementor-element-populated\">\n\t\t\t\t\t\t<div class=\"elementor-element elementor-element-999e0b8 elementor-widget elementor-widget-contact-form\" data-id=\"999e0b8\" data-element_type=\"widget\" data-widget_type=\"contact-form.default\">\n\t\t\t\t<div class=\"elementor-widget-container\">\n\t\t\t\t\t    <section class=\"section section-contact-form post-section widget-type-two-widths type-1  background-type-transparent\">\n        <div class=\"section-contact-form-in\">\n            <div class=\"container\">\n                <div class=\"container-in no-padd-l-r\">\n                                                <div class=\"standard-contact-form-container contact-form-container grid-el-12\">\n                                <div class=\"contact-form-part\">\n                                                                        <div class=\"section-title-container grid-el-12\">\n                                        <div class=\"section-title-container-in\">\n                                            <h2 class=\"section-title\">WIR FREUEN UNS DARAUF, SIE KENNENZULERNEN!<span class=\"section-title-after\">:<\/span><\/h2>\n                                        <\/div>\n                                        <div class=\"default-text\">\n                                            <div ><p>Vielen Dank f\u00fcr Ihr Interesse an einer Partnerschaft mit uns bei Novacura.<\/p><p>\u00a0<\/p><p>F\u00fcllen Sie zun\u00e4chst das Formular aus, und eines unserer Teammitglieder wird sich mit Ihnen in Verbindung setzen.<\/p><\/div>\n                                        <\/div>\n                                    <\/div>\n                                <\/div>\n                                <div class=\"contact-form-part\">\n                                    \n\t\t\t\t\t\t<script>\n\t\t\t\t\t\t\twindow.hsFormsOnReady = window.hsFormsOnReady || [];\n\t\t\t\t\t\t\twindow.hsFormsOnReady.push(()=>{\n\t\t\t\t\t\t\t\thbspt.forms.create({\n\t\t\t\t\t\t\t\t\tportalId: 3356741,\n\t\t\t\t\t\t\t\t\tformId: \"a31b0377-8774-4b4d-8b48-2a3e50c03ab1\",\n\t\t\t\t\t\t\t\t\ttarget: \"#hbspt-form-1775825415000-3768315999\",\n\t\t\t\t\t\t\t\t\tregion: \"na1\",\n\t\t\t\t\t\t\t\t\t\n\t\t\t\t\t\t\t})});\n\t\t\t\t\t\t<\/script>\n\t\t\t\t\t\t<div class=\"hbspt-form\" id=\"hbspt-form-1775825415000-3768315999\"><\/div>                                <\/div>\n                            <\/div>\n                                            <\/div>\n            <\/div>\n        <\/div>\n    <\/section>\n    \t\t\t\t<\/div>\n\t\t\t\t<\/div>\n\t\t\t\t\t<\/div>\n\t\t<\/div>\n\t\t\t\t\t<\/div>\n\t\t<\/section>\n\t\t\t\t<\/div>\n\t\t","protected":false},"excerpt":{"rendered":"<p>.. Novacura Gesch\u00e4ftspartner WERDEN SIE TEIL DES NOVACURA TEAMS WIR FREUEN UNS DARAUF, SIE KENNENZULERNEN!: Vielen Dank f\u00fcr Ihr Interesse an einer Partnerschaft mit uns [&hellip;]<\/p>\n","protected":false},"author":10,"featured_media":0,"parent":0,"menu_order":0,"comment_status":"closed","ping_status":"closed","template":"","meta":{"_acf_changed":false,"content-type":""},"class_list":["post-34829","page","type-page","status-publish","hentry"],"acf":[],"yoast_head":"<!-- This site is optimized with the Yoast SEO plugin v26.9 - https:\/\/yoast.com\/product\/yoast-seo-wordpress\/ -->\n<title>Werden Sie Gesch\u00e4ftspartner &#8211; Novacura<\/title>\n<meta name=\"description\" content=\"Werden Sie Novacura-Partner. Schlie\u00dfen Sie sich au\u00dfergew\u00f6hnlichen Unternehmen an, die mit Hunderten Kunden die wirtschaftliche Entwicklung f\u00f6rdern.\" \/>\n<meta name=\"robots\" content=\"index, follow, max-snippet:-1, max-image-preview:large, max-video-preview:-1\" \/>\n<link rel=\"canonical\" href=\"https:\/\/www.novacura.com\/de\/werden-sie-geschaeftspartner\/\" \/>\n<meta property=\"og:locale\" content=\"de_DE\" \/>\n<meta property=\"og:type\" content=\"article\" \/>\n<meta property=\"og:title\" content=\"Werden Sie Gesch\u00e4ftspartner &#8211; Novacura\" \/>\n<meta property=\"og:description\" content=\"Werden Sie Novacura-Partner. Schlie\u00dfen Sie sich au\u00dfergew\u00f6hnlichen Unternehmen an, die mit Hunderten Kunden die wirtschaftliche Entwicklung f\u00f6rdern.\" \/>\n<meta property=\"og:url\" content=\"https:\/\/www.novacura.com\/de\/werden-sie-geschaeftspartner\/\" \/>\n<meta property=\"og:site_name\" content=\"Novacura\" \/>\n<meta property=\"article:modified_time\" content=\"2024-12-12T11:38:10+00:00\" \/>\n<meta property=\"og:image\" content=\"https:\/\/www.novacura.com\/wp-content\/uploads\/2022\/08\/nc-website-top-banner-about-partners.png\" \/>\n<meta name=\"twitter:card\" content=\"summary_large_image\" \/>\n<script type=\"application\/ld+json\" class=\"yoast-schema-graph\">{\"@context\":\"https:\/\/schema.org\",\"@graph\":[{\"@type\":\"WebPage\",\"@id\":\"https:\/\/www.novacura.com\/de\/werden-sie-geschaeftspartner\/\",\"url\":\"https:\/\/www.novacura.com\/de\/werden-sie-geschaeftspartner\/\",\"name\":\"Werden Sie Gesch\u00e4ftspartner &#8211; Novacura\",\"isPartOf\":{\"@id\":\"https:\/\/www.novacura.com\/de\/#website\"},\"primaryImageOfPage\":{\"@id\":\"https:\/\/www.novacura.com\/de\/werden-sie-geschaeftspartner\/#primaryimage\"},\"image\":{\"@id\":\"https:\/\/www.novacura.com\/de\/werden-sie-geschaeftspartner\/#primaryimage\"},\"thumbnailUrl\":\"https:\/\/www.novacura.com\/wp-content\/uploads\/2022\/08\/nc-website-top-banner-about-partners.png\",\"datePublished\":\"2022-08-02T15:12:22+00:00\",\"dateModified\":\"2024-12-12T11:38:10+00:00\",\"description\":\"Werden Sie Novacura-Partner. Schlie\u00dfen Sie sich au\u00dfergew\u00f6hnlichen Unternehmen an, die mit Hunderten Kunden die wirtschaftliche Entwicklung f\u00f6rdern.\",\"breadcrumb\":{\"@id\":\"https:\/\/www.novacura.com\/de\/werden-sie-geschaeftspartner\/#breadcrumb\"},\"inLanguage\":\"de\",\"potentialAction\":[{\"@type\":\"ReadAction\",\"target\":[\"https:\/\/www.novacura.com\/de\/werden-sie-geschaeftspartner\/\"]}]},{\"@type\":\"ImageObject\",\"inLanguage\":\"de\",\"@id\":\"https:\/\/www.novacura.com\/de\/werden-sie-geschaeftspartner\/#primaryimage\",\"url\":\"https:\/\/www.novacura.com\/wp-content\/uploads\/2022\/08\/nc-website-top-banner-about-partners.png\",\"contentUrl\":\"https:\/\/www.novacura.com\/wp-content\/uploads\/2022\/08\/nc-website-top-banner-about-partners.png\"},{\"@type\":\"BreadcrumbList\",\"@id\":\"https:\/\/www.novacura.com\/de\/werden-sie-geschaeftspartner\/#breadcrumb\",\"itemListElement\":[{\"@type\":\"ListItem\",\"position\":1,\"name\":\"Home\",\"item\":\"https:\/\/www.novacura.com\/de\/\"},{\"@type\":\"ListItem\",\"position\":2,\"name\":\"Werden Sie Gesch\u00e4ftspartner\"}]},{\"@type\":\"WebSite\",\"@id\":\"https:\/\/www.novacura.com\/de\/#website\",\"url\":\"https:\/\/www.novacura.com\/de\/\",\"name\":\"Novacura\",\"description\":\"We\u00b4re a human-centric IT-company using services and software to simplify our customer&#039;s processes\",\"potentialAction\":[{\"@type\":\"SearchAction\",\"target\":{\"@type\":\"EntryPoint\",\"urlTemplate\":\"https:\/\/www.novacura.com\/de\/?s={search_term_string}\"},\"query-input\":{\"@type\":\"PropertyValueSpecification\",\"valueRequired\":true,\"valueName\":\"search_term_string\"}}],\"inLanguage\":\"de\"}]}<\/script>\n<!-- \/ Yoast SEO plugin. -->","yoast_head_json":{"title":"Werden Sie Gesch\u00e4ftspartner &#8211; Novacura","description":"Werden Sie Novacura-Partner. Schlie\u00dfen Sie sich au\u00dfergew\u00f6hnlichen Unternehmen an, die mit Hunderten Kunden die wirtschaftliche Entwicklung f\u00f6rdern.","robots":{"index":"index","follow":"follow","max-snippet":"max-snippet:-1","max-image-preview":"max-image-preview:large","max-video-preview":"max-video-preview:-1"},"canonical":"https:\/\/www.novacura.com\/de\/werden-sie-geschaeftspartner\/","og_locale":"de_DE","og_type":"article","og_title":"Werden Sie Gesch\u00e4ftspartner &#8211; Novacura","og_description":"Werden Sie Novacura-Partner. Schlie\u00dfen Sie sich au\u00dfergew\u00f6hnlichen Unternehmen an, die mit Hunderten Kunden die wirtschaftliche Entwicklung f\u00f6rdern.","og_url":"https:\/\/www.novacura.com\/de\/werden-sie-geschaeftspartner\/","og_site_name":"Novacura","article_modified_time":"2024-12-12T11:38:10+00:00","og_image":[{"url":"https:\/\/www.novacura.com\/wp-content\/uploads\/2022\/08\/nc-website-top-banner-about-partners.png","type":"","width":"","height":""}],"twitter_card":"summary_large_image","schema":{"@context":"https:\/\/schema.org","@graph":[{"@type":"WebPage","@id":"https:\/\/www.novacura.com\/de\/werden-sie-geschaeftspartner\/","url":"https:\/\/www.novacura.com\/de\/werden-sie-geschaeftspartner\/","name":"Werden Sie Gesch\u00e4ftspartner &#8211; Novacura","isPartOf":{"@id":"https:\/\/www.novacura.com\/de\/#website"},"primaryImageOfPage":{"@id":"https:\/\/www.novacura.com\/de\/werden-sie-geschaeftspartner\/#primaryimage"},"image":{"@id":"https:\/\/www.novacura.com\/de\/werden-sie-geschaeftspartner\/#primaryimage"},"thumbnailUrl":"https:\/\/www.novacura.com\/wp-content\/uploads\/2022\/08\/nc-website-top-banner-about-partners.png","datePublished":"2022-08-02T15:12:22+00:00","dateModified":"2024-12-12T11:38:10+00:00","description":"Werden Sie Novacura-Partner. Schlie\u00dfen Sie sich au\u00dfergew\u00f6hnlichen Unternehmen an, die mit Hunderten Kunden die wirtschaftliche Entwicklung f\u00f6rdern.","breadcrumb":{"@id":"https:\/\/www.novacura.com\/de\/werden-sie-geschaeftspartner\/#breadcrumb"},"inLanguage":"de","potentialAction":[{"@type":"ReadAction","target":["https:\/\/www.novacura.com\/de\/werden-sie-geschaeftspartner\/"]}]},{"@type":"ImageObject","inLanguage":"de","@id":"https:\/\/www.novacura.com\/de\/werden-sie-geschaeftspartner\/#primaryimage","url":"https:\/\/www.novacura.com\/wp-content\/uploads\/2022\/08\/nc-website-top-banner-about-partners.png","contentUrl":"https:\/\/www.novacura.com\/wp-content\/uploads\/2022\/08\/nc-website-top-banner-about-partners.png"},{"@type":"BreadcrumbList","@id":"https:\/\/www.novacura.com\/de\/werden-sie-geschaeftspartner\/#breadcrumb","itemListElement":[{"@type":"ListItem","position":1,"name":"Home","item":"https:\/\/www.novacura.com\/de\/"},{"@type":"ListItem","position":2,"name":"Werden Sie Gesch\u00e4ftspartner"}]},{"@type":"WebSite","@id":"https:\/\/www.novacura.com\/de\/#website","url":"https:\/\/www.novacura.com\/de\/","name":"Novacura","description":"We\u00b4re a human-centric IT-company using services and software to simplify our customer&#039;s processes","potentialAction":[{"@type":"SearchAction","target":{"@type":"EntryPoint","urlTemplate":"https:\/\/www.novacura.com\/de\/?s={search_term_string}"},"query-input":{"@type":"PropertyValueSpecification","valueRequired":true,"valueName":"search_term_string"}}],"inLanguage":"de"}]}},"_links":{"self":[{"href":"https:\/\/www.novacura.com\/de\/wp-json\/wp\/v2\/pages\/34829","targetHints":{"allow":["GET"]}}],"collection":[{"href":"https:\/\/www.novacura.com\/de\/wp-json\/wp\/v2\/pages"}],"about":[{"href":"https:\/\/www.novacura.com\/de\/wp-json\/wp\/v2\/types\/page"}],"author":[{"embeddable":true,"href":"https:\/\/www.novacura.com\/de\/wp-json\/wp\/v2\/users\/10"}],"replies":[{"embeddable":true,"href":"https:\/\/www.novacura.com\/de\/wp-json\/wp\/v2\/comments?post=34829"}],"version-history":[{"count":13,"href":"https:\/\/www.novacura.com\/de\/wp-json\/wp\/v2\/pages\/34829\/revisions"}],"predecessor-version":[{"id":66530,"href":"https:\/\/www.novacura.com\/de\/wp-json\/wp\/v2\/pages\/34829\/revisions\/66530"}],"wp:attachment":[{"href":"https:\/\/www.novacura.com\/de\/wp-json\/wp\/v2\/media?parent=34829"}],"curies":[{"name":"wp","href":"https:\/\/api.w.org\/{rel}","templated":true}]}}